{"id":9707,"date":"2021-08-18T19:32:19","date_gmt":"2021-08-18T17:32:19","guid":{"rendered":"http:\/\/www.torilkremmervik.no\/blogg\/?page_id=9707"},"modified":"2022-12-21T19:32:35","modified_gmt":"2022-12-21T18:32:35","slug":"om-meg","status":"publish","type":"page","link":"http:\/\/www.torilkremmervik.no\/blogg\/?page_id=9707","title":{"rendered":"OM MEG"},"content":{"rendered":"<p>Gift og bor i Trondheim. Jobber som freelancemusiker p\u00e5 tverrfl\u00f8yte, og har spillejobber i bryllup, begravelser, hyggetreff og gudstjenester.<br \/>\n&nbsp;<br \/>\n&nbsp;<br \/>\nHar kordirigering som fag fra da jeg studerte musikk.<br \/>\n&nbsp;<br \/>\n&nbsp;<br \/>\nI tillegg til musikken s\u00e5 er jeg katteinteressert. Driver et lite rasekattoppdrett best\u00e5ende av 3 abyssinere: SC Ingave&#8217;s Nadina (kastrat), CH S*Skimmerdal&#8217;s Elvis (kastrat) og CH (N) Hakrilas Hera (datter til Nadina, fertil) \u2764\u2764\u2764 Reiser p\u00e5 noen utstillinger og har noen kattungekull i ny og ne.<br \/>\n&nbsp;<br \/>\n&nbsp;<br \/>\nMine interesser er: Musikk (synger i kor, spiller tverrfl\u00f8yte og piano), katter, familie, venner, reise, l\u00e6re nye kulturer \u00e5 kjenne, spansk, trening, g\u00e5 turer, fotografere, h\u00e5ndarbeid (hekling og strikking), og lese.<\/p>\n<div class=\"linkwithin_hook\" id=\"http:\/\/www.torilkremmervik.no\/blogg\/?page_id=9707\"><\/div><script>\n<!-- \/\/LinkWithinCodeStart\nvar linkwithin_site_id = 1303645;\nvar linkwithin_div_class = \"linkwithin_hook\";\n\/\/LinkWithinCodeEnd -->\n<\/script>\n<script src=\"http:\/\/www.linkwithin.com\/widget.js\"><\/script>\n<a href=\"http:\/\/www.linkwithin.com\/\"><img decoding=\"async\" src=\"http:\/\/www.linkwithin.com\/pixel.png\" alt=\"Related Posts Plugin for WordPress, Blogger...\" style=\"border: 0\" \/><\/a>","protected":false},"excerpt":{"rendered":"<p>Gift og bor i Trondheim. Jobber som freelancemusiker p\u00e5 tverrfl\u00f8yte, og har spillejobber i bryllup, begravelser, hyggetreff og gudstjenester. &nbsp; &nbsp; Har kordirigering som fag fra da jeg studerte musikk. &nbsp; &nbsp; I tillegg til musikken s\u00e5 er jeg katteinteressert. &hellip; <a href=\"http:\/\/www.torilkremmervik.no\/blogg\/?page_id=9707\">Continue reading <span class=\"meta-nav\">&rarr;<\/span><\/a><\/p>\n<script>\n<!-- \/\/LinkWithinCodeStart\nvar linkwithin_site_id = 1303645;\nvar linkwithin_div_class = \"linkwithin_hook\";\n\/\/LinkWithinCodeEnd -->\n<\/script>\n<script src=\"http:\/\/www.linkwithin.com\/widget.js\"><\/script>\n<a href=\"http:\/\/www.linkwithin.com\/\"><img decoding=\"async\" src=\"http:\/\/www.linkwithin.com\/pixel.png\" alt=\"Related Posts Plugin for WordPress, Blogger...\" style=\"border: 0\" \/><\/a>","protected":false},"author":1,"featured_media":0,"parent":0,"menu_order":0,"comment_status":"closed","ping_status":"closed","template":"","meta":{"footnotes":""},"class_list":["post-9707","page","type-page","status-publish","hentry"],"aioseo_notices":[],"_links":{"self":[{"href":"http:\/\/www.torilkremmervik.no\/blogg\/index.php?rest_route=\/wp\/v2\/pages\/9707","targetHints":{"allow":["GET"]}}],"collection":[{"href":"http:\/\/www.torilkremmervik.no\/blogg\/index.php?rest_route=\/wp\/v2\/pages"}],"about":[{"href":"http:\/\/www.torilkremmervik.no\/blogg\/index.php?rest_route=\/wp\/v2\/types\/page"}],"author":[{"embeddable":true,"href":"http:\/\/www.torilkremmervik.no\/blogg\/index.php?rest_route=\/wp\/v2\/users\/1"}],"replies":[{"embeddable":true,"href":"http:\/\/www.torilkremmervik.no\/blogg\/index.php?rest_route=%2Fwp%2Fv2%2Fcomments&post=9707"}],"version-history":[{"count":2,"href":"http:\/\/www.torilkremmervik.no\/blogg\/index.php?rest_route=\/wp\/v2\/pages\/9707\/revisions"}],"predecessor-version":[{"id":10125,"href":"http:\/\/www.torilkremmervik.no\/blogg\/index.php?rest_route=\/wp\/v2\/pages\/9707\/revisions\/10125"}],"wp:attachment":[{"href":"http:\/\/www.torilkremmervik.no\/blogg\/index.php?rest_route=%2Fwp%2Fv2%2Fmedia&parent=9707"}],"curies":[{"name":"wp","href":"https:\/\/api.w.org\/{rel}","templated":true}]}}